{"id":1097,"date":"2024-03-14T16:12:24","date_gmt":"2024-03-14T16:12:24","guid":{"rendered":"https:\/\/matiks.es\/?page_id=1097"},"modified":"2026-04-25T13:55:11","modified_gmt":"2026-04-25T13:55:11","slug":"casals-i-estiu","status":"publish","type":"page","link":"https:\/\/matiks.es\/es\/casals-i-estiu\/","title":{"rendered":"Casals d&#8217;estiu"},"content":{"rendered":"<h2 class=\"wp-block-heading\">Casal Estiu 2026. Una setmana fent ci\u00e8ncia<\/h2>\n\n\n\n<div class=\"wp-block-media-text is-stacked-on-mobile\" style=\"grid-template-columns:35% auto\"><figure class=\"wp-block-media-text__media\"><img loading=\"lazy\" decoding=\"async\" width=\"724\" height=\"1024\" src=\"https:\/\/matiks.es\/wp-content\/uploads\/2024\/04\/Imagen-de-WhatsApp-2024-04-11-a-las-15.52.33_cb00c45f-724x1024.jpg\" alt=\"\" class=\"wp-image-1126 size-full\" srcset=\"https:\/\/matiks.es\/wp-content\/uploads\/2024\/04\/Imagen-de-WhatsApp-2024-04-11-a-las-15.52.33_cb00c45f-724x1024.jpg 724w, https:\/\/matiks.es\/wp-content\/uploads\/2024\/04\/Imagen-de-WhatsApp-2024-04-11-a-las-15.52.33_cb00c45f-212x300.jpg 212w, https:\/\/matiks.es\/wp-content\/uploads\/2024\/04\/Imagen-de-WhatsApp-2024-04-11-a-las-15.52.33_cb00c45f-768x1087.jpg 768w, https:\/\/matiks.es\/wp-content\/uploads\/2024\/04\/Imagen-de-WhatsApp-2024-04-11-a-las-15.52.33_cb00c45f-1085x1536.jpg 1085w, https:\/\/matiks.es\/wp-content\/uploads\/2024\/04\/Imagen-de-WhatsApp-2024-04-11-a-las-15.52.33_cb00c45f-8x12.jpg 8w, https:\/\/matiks.es\/wp-content\/uploads\/2024\/04\/Imagen-de-WhatsApp-2024-04-11-a-las-15.52.33_cb00c45f-1024x1449.jpg 1024w, https:\/\/matiks.es\/wp-content\/uploads\/2024\/04\/Imagen-de-WhatsApp-2024-04-11-a-las-15.52.33_cb00c45f-763x1080.jpg 763w, https:\/\/matiks.es\/wp-content\/uploads\/2024\/04\/Imagen-de-WhatsApp-2024-04-11-a-las-15.52.33_cb00c45f.jpg 1447w\" sizes=\"auto, (max-width: 724px) 100vw, 724px\" \/><\/figure><div class=\"wp-block-media-text__content\">\n<p>Este verano ofrecemos <strong>casals cient\u00edfics<\/strong> que inclouen&nbsp;manualitats, activitats matem\u00e0tiques&nbsp;i&nbsp;experiments cient\u00edfics.<\/p>\n\n\n\n<p>A partir d\u2019activitats l\u00fadiques, i fonamentant el treball en equip; els alumnes <strong>s\u2019apropen a la ci\u00e8ncia<\/strong>estimulando su capacidad de resolver problemas, buscar soluciones y resultados por ellos mismos. Los ni\u00f1os trabajar\u00e1n en grupos de 2 o 3 participantes.<\/p>\n\n\n\n<p>Algunas de las <strong>actividades<\/strong> que es realitzaran s\u00f3n:<\/p>\n\n\n\n<ul class=\"wp-block-list\">\n<li>L\u00e0mpada de lava<\/li>\n\n\n\n<li>Crear una nebulosa<\/li>\n\n\n\n<li>Hacer cristales<\/li>\n\n\n\n<li>Calidoscopi<\/li>\n\n\n\n<li>Maquetes de fusta que funcionen amb energia solar&#8230;<\/li>\n<\/ul>\n\n\n\n<p>En funci\u00f3 de l\u2019edat i el nivell del grup, s\u2019adaptar\u00e0 la complexitat dels experiments.<\/p>\n\n\n\n<p><em>Calendario:<\/em><\/p>\n\n\n\n<p>29 juny &#8211; 3 juliol. Alumnes de 1er a 4at de Prim\u00e0ria (GRUP PLE!)<br>6 &#8211; 10 juliol. Alumnes de 5\u00e8 de Prim\u00e0ria a 2on d&#8217;ESO<br>13 &#8211; 17 juliol. Alumnes de 1er a 5\u00e8 de Prim\u00e0ria (NOVA SETMANA!)<\/p>\n\n\n\n<p><em>Horario:<\/em><br>De lunes a viernes de 9 a 13:00<br>Es far\u00e0 un descans de 30 minuts per esmorzar.<\/p>\n\n\n\n<p><em>Precios:<\/em><br>80\u20ac \/ setmana*<\/p>\n\n\n\n<p>*Aquest casal forma part de la company <a href=\"https:\/\/www.barcelona.cat\/vacances\/ca\" target=\"_blank\" rel=\"noreferrer noopener\">T&#8217;estiu Molt<\/a> de l&#8217;Ajuntament de Barcelona.<\/p>\n\n\n\n<p>El casal es realitzar\u00e0 si hi ha un m\u00ednim de 4 participants i es faran grups de m\u00e0xim 10 participants.<\/p>\n\n\n\n<div class=\"wp-block-buttons is-layout-flex wp-block-buttons-is-layout-flex\">\n<div class=\"wp-block-button\" id=\"https:\/\/forms.gle\/RjVJ88PvDxMJwMg57\"><a class=\"wp-block-button__link wp-element-button\" href=\"https:\/\/docs.google.com\/forms\/d\/e\/1FAIpQLSeHZ7ADNYLJ6onAV2w57PmBpPCpIcyXtO52HXmXurcDHd8kbA\/viewform?usp=header\" target=\"_blank\" rel=\"noreferrer noopener\">Inscripci\u00f3 oberta a partir del 13 d&#8217;abril<\/a><\/div>\n<\/div>\n<\/div><\/div>\n\n\n\n<div style=\"height:100px\" aria-hidden=\"true\" class=\"wp-block-spacer\"><\/div>\n\n\n\n<h2 class=\"wp-block-heading\">Casal tecnol\u00f2gic. Estiu 2026<\/h2>\n\n\n\n<div class=\"wp-block-media-text has-media-on-the-right is-stacked-on-mobile\" style=\"grid-template-columns:auto 37%\"><div class=\"wp-block-media-text__content\">\n<p>Este verano ofrecemos <strong>casals tecnol\u00f2gics<\/strong> que inclouen&nbsp;rob\u00f2tica educativa&nbsp;i&nbsp;programaci\u00f3 de videojocs.<\/p>\n\n\n\n<p>A trav\u00e9s del <strong>disseny i la programaci\u00f3<\/strong>, i fonamentant el treball en equip, els alumnes practiquen de manera divertida diverses capacitats transversals, com el pensament l\u00f2gic, la resoluci\u00f3 creativa de problemes complexos, la gesti\u00f3 de temps i recursos. Fem servir llenguatges de programaci\u00f3 visuals, que permeten de manera intu\u00eftiva utilitzar i entendre els conceptes b\u00e0sics, com bucles i condicions, entre d&#8217;altres.<\/p>\n\n\n\n<p>Els tallers estan dissenyats per a nenes i nens a partir dels 6 anys (haver acabat 1er de prim\u00e0ria). Els participants treballaran en parelles, dividits en dos grups d&#8217;edats: de 1er a 4at de Prim\u00e0ria i de 5\u00e8 de prim\u00e0ria a 2n d&#8217; ESO.<\/p>\n\n\n\n<p>La setmana cont\u00e9 sessions de:<br>&#8211;&nbsp;<strong>Rob\u00f2tica educativa amb LEGO<\/strong> <br>&#8211;&nbsp;<strong>Iniciaci\u00f3 a la programaci\u00f3 de videojocs<\/strong> &nbsp;<br>&#8211; <strong>Intel\u00b7lig\u00e8ncia artificial <\/strong>(para los grupos a partir de 10 a\u00f1os)<\/p>\n\n\n\n<p>Els participants crearan robots, jocs digitals o hist\u00f2ries interactives personalitzades. Estimulem els nostres alumnes a ser creadors de tecnologia, a dur a terme les seves pr\u00f2pies iniciatives i divertir creant.<\/p>\n\n\n\n<p>El nostre casal d&#8217;estiu proposa a les nenes i els nens entrar en el m\u00f3n de creacions digitals, en el qual donen vida (moviments i comportaments) a diversos objectes i mons virtuals. Estimulem els nostres alumnes a ser creadors de tecnologia, a dur a terme les seves pr\u00f2pies iniciatives i divertir- se creant.<\/p>\n\n\n\n<p>Tallers realitzats amb la col\u00b7laboraci\u00f3 de&nbsp;<a href=\"http:\/\/creaticnens.com\/es\/\" target=\"_blank\" rel=\"noreferrer noopener\">CreaTIC Nens<\/a>.<\/p>\n\n\n\n<p><em>Calendario:<\/em><\/p>\n\n\n\n<p>29 juny &#8211; 3 juliol. Alumnes de 5\u00e8 de Prim\u00e0ria a 2on d&#8217;ESO <br>6 &#8211; 10 juliol. Alumnes de 1er a 4at de Prim\u00e0ria (GRUP PLE!)<\/p>\n\n\n\n<p><em>Horario:<\/em><br>De lunes a viernes de 9 a 13:00<br>Es far\u00e0 un descans de 30 minuts per esmorzar.<\/p>\n\n\n\n<p><em>Precios:<\/em><br>125 \u20ac\/Setmana<\/p>\n\n\n\n<p>El taller es realitzar\u00e0 si hi ha un m\u00ednim de 6 participants i es faran grups de m\u00e0xim 10 participants.<\/p>\n\n\n\n<div class=\"wp-block-buttons is-layout-flex wp-block-buttons-is-layout-flex\">\n<div class=\"wp-block-button\" id=\"https:\/\/docs.google.com\/forms\/d\/e\/1FAIpQLSewQigOQzweLXnJkGz3_UpIJAxEFx485uK4ikCe4jVzKSSk3Q\/viewform?usp=dialog\"><a class=\"wp-block-button__link wp-element-button\" href=\"https:\/\/docs.google.com\/forms\/d\/e\/1FAIpQLScsb7OzRWO_0bOBdH-82Pcwlh4Y0RiTutaIJSQrQrtQuMrEdw\/viewform?usp=header\" target=\"_blank\" rel=\"noreferrer noopener\">Inscripci\u00f3 oberta a partir del 13 d&#8217;abril<\/a><\/div>\n<\/div>\n<\/div><figure class=\"wp-block-media-text__media\"><img loading=\"lazy\" decoding=\"async\" width=\"724\" height=\"1024\" src=\"https:\/\/matiks.es\/wp-content\/uploads\/2024\/04\/Imagen-de-WhatsApp-2024-04-11-a-las-15.52.33_148d042b-724x1024.jpg\" alt=\"\" class=\"wp-image-1127 size-full\" srcset=\"https:\/\/matiks.es\/wp-content\/uploads\/2024\/04\/Imagen-de-WhatsApp-2024-04-11-a-las-15.52.33_148d042b-724x1024.jpg 724w, https:\/\/matiks.es\/wp-content\/uploads\/2024\/04\/Imagen-de-WhatsApp-2024-04-11-a-las-15.52.33_148d042b-212x300.jpg 212w, https:\/\/matiks.es\/wp-content\/uploads\/2024\/04\/Imagen-de-WhatsApp-2024-04-11-a-las-15.52.33_148d042b-768x1087.jpg 768w, https:\/\/matiks.es\/wp-content\/uploads\/2024\/04\/Imagen-de-WhatsApp-2024-04-11-a-las-15.52.33_148d042b-1085x1536.jpg 1085w, https:\/\/matiks.es\/wp-content\/uploads\/2024\/04\/Imagen-de-WhatsApp-2024-04-11-a-las-15.52.33_148d042b-8x12.jpg 8w, https:\/\/matiks.es\/wp-content\/uploads\/2024\/04\/Imagen-de-WhatsApp-2024-04-11-a-las-15.52.33_148d042b-1024x1449.jpg 1024w, https:\/\/matiks.es\/wp-content\/uploads\/2024\/04\/Imagen-de-WhatsApp-2024-04-11-a-las-15.52.33_148d042b-763x1080.jpg 763w, https:\/\/matiks.es\/wp-content\/uploads\/2024\/04\/Imagen-de-WhatsApp-2024-04-11-a-las-15.52.33_148d042b.jpg 1447w\" sizes=\"auto, (max-width: 724px) 100vw, 724px\" \/><\/figure><\/div>\n\n\n\n<p><\/p>","protected":false},"excerpt":{"rendered":"<p>Casal Estiu 2026. Una setmana fent ci\u00e8ncia Casal tecnol\u00f2gic. Estiu 2026<\/p>","protected":false},"author":1,"featured_media":0,"parent":0,"menu_order":0,"comment_status":"closed","ping_status":"closed","template":"","meta":{"footnotes":""},"class_list":["post-1097","page","type-page","status-publish","hentry"],"yoast_head":"<!-- This site is optimized with the Yoast SEO plugin v27.5 - https:\/\/yoast.com\/product\/yoast-seo-wordpress\/ -->\n<title>Casals d&#039;estiu - Matiks<\/title>\n<meta name=\"description\" content=\"Durant les vacances d&#039;estiu oferim Casals de ci\u00e8ncies i tecnologia per diferents edats.\" \/>\n<meta name=\"robots\" content=\"index, follow, max-snippet:-1, max-image-preview:large, max-video-preview:-1\" \/>\n<link rel=\"canonical\" href=\"https:\/\/matiks.es\/es\/casals-i-estiu\/\" \/>\n<meta property=\"og:locale\" content=\"es_ES\" \/>\n<meta property=\"og:type\" content=\"article\" \/>\n<meta property=\"og:title\" content=\"Casals d&#039;estiu - Matiks\" \/>\n<meta property=\"og:description\" content=\"Durant les vacances d&#039;estiu oferim Casals de ci\u00e8ncies i tecnologia per diferents edats.\" \/>\n<meta property=\"og:url\" content=\"https:\/\/matiks.es\/es\/casals-i-estiu\/\" \/>\n<meta property=\"og:site_name\" content=\"Matiks\" \/>\n<meta property=\"article:publisher\" content=\"https:\/\/www.facebook.com\/academiamatiks\/\" \/>\n<meta property=\"article:modified_time\" content=\"2026-04-25T13:55:11+00:00\" \/>\n<meta property=\"og:image\" content=\"https:\/\/matiks.es\/wp-content\/uploads\/2024\/04\/Imagen-de-WhatsApp-2024-04-11-a-las-15.52.33_cb00c45f.jpg\" \/>\n\t<meta property=\"og:image:width\" content=\"1447\" \/>\n\t<meta property=\"og:image:height\" content=\"2048\" \/>\n\t<meta property=\"og:image:type\" content=\"image\/jpeg\" \/>\n<meta name=\"twitter:card\" content=\"summary_large_image\" \/>\n<meta name=\"twitter:site\" content=\"@AcademiaMatiks\" \/>\n<meta name=\"twitter:label1\" content=\"Tiempo de lectura\" \/>\n\t<meta name=\"twitter:data1\" content=\"3 minutos\" \/>\n<script type=\"application\/ld+json\" class=\"yoast-schema-graph\">{\"@context\":\"https:\\\/\\\/schema.org\",\"@graph\":[{\"@type\":\"WebPage\",\"@id\":\"https:\\\/\\\/matiks.es\\\/casals-i-estiu\\\/\",\"url\":\"https:\\\/\\\/matiks.es\\\/casals-i-estiu\\\/\",\"name\":\"Casals d'estiu - Matiks\",\"isPartOf\":{\"@id\":\"https:\\\/\\\/matiks.es\\\/#website\"},\"primaryImageOfPage\":{\"@id\":\"https:\\\/\\\/matiks.es\\\/casals-i-estiu\\\/#primaryimage\"},\"image\":{\"@id\":\"https:\\\/\\\/matiks.es\\\/casals-i-estiu\\\/#primaryimage\"},\"thumbnailUrl\":\"https:\\\/\\\/matiks.es\\\/wp-content\\\/uploads\\\/2024\\\/04\\\/Imagen-de-WhatsApp-2024-04-11-a-las-15.52.33_cb00c45f-724x1024.jpg\",\"datePublished\":\"2024-03-14T16:12:24+00:00\",\"dateModified\":\"2026-04-25T13:55:11+00:00\",\"description\":\"Durant les vacances d'estiu oferim Casals de ci\u00e8ncies i tecnologia per diferents edats.\",\"breadcrumb\":{\"@id\":\"https:\\\/\\\/matiks.es\\\/casals-i-estiu\\\/#breadcrumb\"},\"inLanguage\":\"es\",\"potentialAction\":[{\"@type\":\"ReadAction\",\"target\":[\"https:\\\/\\\/matiks.es\\\/casals-i-estiu\\\/\"]}]},{\"@type\":\"ImageObject\",\"inLanguage\":\"es\",\"@id\":\"https:\\\/\\\/matiks.es\\\/casals-i-estiu\\\/#primaryimage\",\"url\":\"https:\\\/\\\/matiks.es\\\/wp-content\\\/uploads\\\/2024\\\/04\\\/Imagen-de-WhatsApp-2024-04-11-a-las-15.52.33_cb00c45f-724x1024.jpg\",\"contentUrl\":\"https:\\\/\\\/matiks.es\\\/wp-content\\\/uploads\\\/2024\\\/04\\\/Imagen-de-WhatsApp-2024-04-11-a-las-15.52.33_cb00c45f-724x1024.jpg\"},{\"@type\":\"BreadcrumbList\",\"@id\":\"https:\\\/\\\/matiks.es\\\/casals-i-estiu\\\/#breadcrumb\",\"itemListElement\":[{\"@type\":\"ListItem\",\"position\":1,\"name\":\"Portada\",\"item\":\"https:\\\/\\\/matiks.es\\\/\"},{\"@type\":\"ListItem\",\"position\":2,\"name\":\"Casals d&#8217;estiu\"}]},{\"@type\":\"WebSite\",\"@id\":\"https:\\\/\\\/matiks.es\\\/#website\",\"url\":\"https:\\\/\\\/matiks.es\\\/\",\"name\":\"Matiks\",\"description\":\"Acad\u00e8mia de ci\u00e8ncies\",\"publisher\":{\"@id\":\"https:\\\/\\\/matiks.es\\\/#organization\"},\"potentialAction\":[{\"@type\":\"SearchAction\",\"target\":{\"@type\":\"EntryPoint\",\"urlTemplate\":\"https:\\\/\\\/matiks.es\\\/?s={search_term_string}\"},\"query-input\":{\"@type\":\"PropertyValueSpecification\",\"valueRequired\":true,\"valueName\":\"search_term_string\"}}],\"inLanguage\":\"es\"},{\"@type\":\"Organization\",\"@id\":\"https:\\\/\\\/matiks.es\\\/#organization\",\"name\":\"Matiks\",\"url\":\"https:\\\/\\\/matiks.es\\\/\",\"logo\":{\"@type\":\"ImageObject\",\"inLanguage\":\"es\",\"@id\":\"https:\\\/\\\/matiks.es\\\/#\\\/schema\\\/logo\\\/image\\\/\",\"url\":\"https:\\\/\\\/matiks.es\\\/wp-content\\\/uploads\\\/2023\\\/07\\\/cropped-cropped-matiks.png\",\"contentUrl\":\"https:\\\/\\\/matiks.es\\\/wp-content\\\/uploads\\\/2023\\\/07\\\/cropped-cropped-matiks.png\",\"width\":512,\"height\":157,\"caption\":\"Matiks\"},\"image\":{\"@id\":\"https:\\\/\\\/matiks.es\\\/#\\\/schema\\\/logo\\\/image\\\/\"},\"sameAs\":[\"https:\\\/\\\/www.facebook.com\\\/academiamatiks\\\/\",\"https:\\\/\\\/x.com\\\/AcademiaMatiks\",\"https:\\\/\\\/www.instagram.com\\\/academiamatiks\\\/\"]}]}<\/script>\n<!-- \/ Yoast SEO plugin. -->","yoast_head_json":{"title":"Casals d'estiu - Matiks","description":"Durant les vacances d'estiu oferim Casals de ci\u00e8ncies i tecnologia per diferents edats.","robots":{"index":"index","follow":"follow","max-snippet":"max-snippet:-1","max-image-preview":"max-image-preview:large","max-video-preview":"max-video-preview:-1"},"canonical":"https:\/\/matiks.es\/es\/casals-i-estiu\/","og_locale":"es_ES","og_type":"article","og_title":"Casals d'estiu - Matiks","og_description":"Durant les vacances d'estiu oferim Casals de ci\u00e8ncies i tecnologia per diferents edats.","og_url":"https:\/\/matiks.es\/es\/casals-i-estiu\/","og_site_name":"Matiks","article_publisher":"https:\/\/www.facebook.com\/academiamatiks\/","article_modified_time":"2026-04-25T13:55:11+00:00","og_image":[{"width":1447,"height":2048,"url":"https:\/\/matiks.es\/wp-content\/uploads\/2024\/04\/Imagen-de-WhatsApp-2024-04-11-a-las-15.52.33_cb00c45f.jpg","type":"image\/jpeg"}],"twitter_card":"summary_large_image","twitter_site":"@AcademiaMatiks","twitter_misc":{"Tiempo de lectura":"3 minutos"},"schema":{"@context":"https:\/\/schema.org","@graph":[{"@type":"WebPage","@id":"https:\/\/matiks.es\/casals-i-estiu\/","url":"https:\/\/matiks.es\/casals-i-estiu\/","name":"Casals d'estiu - Matiks","isPartOf":{"@id":"https:\/\/matiks.es\/#website"},"primaryImageOfPage":{"@id":"https:\/\/matiks.es\/casals-i-estiu\/#primaryimage"},"image":{"@id":"https:\/\/matiks.es\/casals-i-estiu\/#primaryimage"},"thumbnailUrl":"https:\/\/matiks.es\/wp-content\/uploads\/2024\/04\/Imagen-de-WhatsApp-2024-04-11-a-las-15.52.33_cb00c45f-724x1024.jpg","datePublished":"2024-03-14T16:12:24+00:00","dateModified":"2026-04-25T13:55:11+00:00","description":"Durant les vacances d'estiu oferim Casals de ci\u00e8ncies i tecnologia per diferents edats.","breadcrumb":{"@id":"https:\/\/matiks.es\/casals-i-estiu\/#breadcrumb"},"inLanguage":"es","potentialAction":[{"@type":"ReadAction","target":["https:\/\/matiks.es\/casals-i-estiu\/"]}]},{"@type":"ImageObject","inLanguage":"es","@id":"https:\/\/matiks.es\/casals-i-estiu\/#primaryimage","url":"https:\/\/matiks.es\/wp-content\/uploads\/2024\/04\/Imagen-de-WhatsApp-2024-04-11-a-las-15.52.33_cb00c45f-724x1024.jpg","contentUrl":"https:\/\/matiks.es\/wp-content\/uploads\/2024\/04\/Imagen-de-WhatsApp-2024-04-11-a-las-15.52.33_cb00c45f-724x1024.jpg"},{"@type":"BreadcrumbList","@id":"https:\/\/matiks.es\/casals-i-estiu\/#breadcrumb","itemListElement":[{"@type":"ListItem","position":1,"name":"Portada","item":"https:\/\/matiks.es\/"},{"@type":"ListItem","position":2,"name":"Casals d&#8217;estiu"}]},{"@type":"WebSite","@id":"https:\/\/matiks.es\/#website","url":"https:\/\/matiks.es\/","name":"Matiks","description":"Acad\u00e8mia de ci\u00e8ncies","publisher":{"@id":"https:\/\/matiks.es\/#organization"},"potentialAction":[{"@type":"SearchAction","target":{"@type":"EntryPoint","urlTemplate":"https:\/\/matiks.es\/?s={search_term_string}"},"query-input":{"@type":"PropertyValueSpecification","valueRequired":true,"valueName":"search_term_string"}}],"inLanguage":"es"},{"@type":"Organization","@id":"https:\/\/matiks.es\/#organization","name":"Matiks","url":"https:\/\/matiks.es\/","logo":{"@type":"ImageObject","inLanguage":"es","@id":"https:\/\/matiks.es\/#\/schema\/logo\/image\/","url":"https:\/\/matiks.es\/wp-content\/uploads\/2023\/07\/cropped-cropped-matiks.png","contentUrl":"https:\/\/matiks.es\/wp-content\/uploads\/2023\/07\/cropped-cropped-matiks.png","width":512,"height":157,"caption":"Matiks"},"image":{"@id":"https:\/\/matiks.es\/#\/schema\/logo\/image\/"},"sameAs":["https:\/\/www.facebook.com\/academiamatiks\/","https:\/\/x.com\/AcademiaMatiks","https:\/\/www.instagram.com\/academiamatiks\/"]}]}},"_links":{"self":[{"href":"https:\/\/matiks.es\/es\/wp-json\/wp\/v2\/pages\/1097","targetHints":{"allow":["GET"]}}],"collection":[{"href":"https:\/\/matiks.es\/es\/wp-json\/wp\/v2\/pages"}],"about":[{"href":"https:\/\/matiks.es\/es\/wp-json\/wp\/v2\/types\/page"}],"author":[{"embeddable":true,"href":"https:\/\/matiks.es\/es\/wp-json\/wp\/v2\/users\/1"}],"replies":[{"embeddable":true,"href":"https:\/\/matiks.es\/es\/wp-json\/wp\/v2\/comments?post=1097"}],"version-history":[{"count":25,"href":"https:\/\/matiks.es\/es\/wp-json\/wp\/v2\/pages\/1097\/revisions"}],"predecessor-version":[{"id":1303,"href":"https:\/\/matiks.es\/es\/wp-json\/wp\/v2\/pages\/1097\/revisions\/1303"}],"wp:attachment":[{"href":"https:\/\/matiks.es\/es\/wp-json\/wp\/v2\/media?parent=1097"}],"curies":[{"name":"wp","href":"https:\/\/api.w.org\/{rel}","templated":true}]}}