{"id":615,"date":"2014-03-18T11:31:06","date_gmt":"2014-03-18T11:31:06","guid":{"rendered":"http:\/\/demo.themegrill.com\/spacious\/?page_id=31"},"modified":"2024-01-10T06:43:23","modified_gmt":"2024-01-10T06:43:23","slug":"contact-us","status":"publish","type":"page","link":"https:\/\/matiks.es\/es\/contact-us\/","title":{"rendered":"Contacto"},"content":{"rendered":"\n<p>Pots contactar amb nosaltres enviant-nos aquest formulari.<\/p>\n\n\n<div class=\"everest-forms\"><\/div>\n\n<div class=\"everest-forms\"><div class=\"evf-container default\" id=\"evf-930\"><form id=\"evf-form-930\" class=\"everest-form\" data-formid=\"930\" data-ajax_submission=\"0\" data-keyboard_friendly_form=\"0\" data-form_state_type=\"\" method=\"post\" enctype=\"multipart\/form-data\" action=\"\/es\/wp-json\/wp\/v2\/pages\/615\"><div class=\"evf-field-container\"><input type=\"hidden\" id=\"_wpnonce930\" name=\"_wpnonce930\" value=\"364051a33e\" \/><input type=\"hidden\" name=\"_wp_http_referer\" value=\"\/es\/wp-json\/wp\/v2\/pages\/615\" \/><div class=\"evf-frontend-row\" data-row=\"row_1\" conditional_rules=\"[]\"><div class=\"evf-frontend-grid evf-grid-1\" data-grid=\"grid_1\"><div id=\"evf-930-field_ys0GeZISRs-1-container\" class=\"evf-field evf-field-first-name form-row validate-required\" data-required-field-message=\"Este campo es obligatorio.\" data-field-id=\"ys0GeZISRs-1\"><label class=\"evf-field-label\" for=\"evf-930-field_ys0GeZISRs-1\"><span class=\"evf-label\">Nom<\/span> <abbr class=\"required\" title=\"Obligatorio\">*<\/abbr><\/label><input type=\"text\" id=\"evf-930-field_ys0GeZISRs-1\" class=\"input-text\" name=\"everest_forms[form_fields][ys0GeZISRs-1]\" required><\/div><div id=\"evf-930-field_LbH5NxasXM-2-container\" class=\"evf-field evf-field-email form-row validate-required validate-email\" data-required-field-message=\"Por favor, introduce una direcci\u00f3n de correo electr\u00f3nico v\u00e1lida.\" data-field-id=\"LbH5NxasXM-2\"><label class=\"evf-field-label\" for=\"evf-930-field_LbH5NxasXM-2\"><span class=\"evf-label\">Email<\/span> <abbr class=\"required\" title=\"Obligatorio\">*<\/abbr><\/label><input type=\"email\" id=\"evf-930-field_LbH5NxasXM-2\" class=\"input-text\" name=\"everest_forms[form_fields][LbH5NxasXM-2]\" required ><\/div><div id=\"evf-930-field_fq5yrBs0UC-5-container\" class=\"evf-field evf-field-number form-row validate-required\" data-required-field-message=\"Por favor, introduce un n\u00famero v\u00e1lido.\" data-field-id=\"fq5yrBs0UC-5\"><label class=\"evf-field-label\" for=\"evf-930-field_fq5yrBs0UC-5\"><span class=\"evf-label\">Tel\u00e8fon<\/span> <abbr class=\"required\" title=\"Obligatorio\">*<\/abbr><\/label><input type=\"number\" id=\"evf-930-field_fq5yrBs0UC-5\" class=\"input-text\" name=\"everest_forms[form_fields][fq5yrBs0UC-5]\" required\/><\/div><div id=\"evf-930-field_66FR384cge-3-container\" class=\"evf-field evf-field-text form-row\" data-field-id=\"66FR384cge-3\"><label class=\"evf-field-label\" for=\"evf-930-field_66FR384cge-3\"><span class=\"evf-label\">Assumpte<\/span> <\/label><input type=\"text\" id=\"evf-930-field_66FR384cge-3\" class=\"input-text\" name=\"everest_forms[form_fields][66FR384cge-3]\" ><\/div><div id=\"evf-930-field_yhGx3FOwr2-4-container\" class=\"evf-field evf-field-textarea form-row\" data-field-id=\"yhGx3FOwr2-4\"><label class=\"evf-field-label\" for=\"evf-930-field_yhGx3FOwr2-4\"><span class=\"evf-label\">Missatge<\/span> <\/label><textarea id=\"evf-930-field_yhGx3FOwr2-4\" class=\"input-text\" name=\"everest_forms[form_fields][yhGx3FOwr2-4]\"  ><\/textarea><\/div><div id=\"evf-930-field_zIIt79v7EC-6-container\" class=\"evf-field evf-field-radio form-row validate-required\" data-required-field-message=\"Este campo es obligatorio.\" data-field-id=\"zIIt79v7EC-6\"><label class=\"evf-field-label\" for=\"evf-930-field_zIIt79v7EC-6\"><span class=\"evf-label\">Com prefereixes rebre la resposta?<\/span> <abbr class=\"required\" title=\"Obligatorio\">*<\/abbr><\/label><ul id=\"evf-930-field_zIIt79v7EC-6\" class=\" evf-field-required\"><li class=\"choice-1 depth-1\"><input type=\"radio\" id=\"evf-930-field_zIIt79v7EC-6_1\" class=\"input-text\" name=\"everest_forms[form_fields][zIIt79v7EC-6]\" value=\"Mail\" required ><label class=\"everest-forms-field-label-inline\" for=\"evf-930-field_zIIt79v7EC-6_1\">Mail<\/label><\/li><li class=\"choice-2 depth-1\"><input type=\"radio\" id=\"evf-930-field_zIIt79v7EC-6_2\" class=\"input-text\" name=\"everest_forms[form_fields][zIIt79v7EC-6]\" value=\"WhatsApp\" required ><label class=\"everest-forms-field-label-inline\" for=\"evf-930-field_zIIt79v7EC-6_2\">WhatsApp<\/label><\/li><li class=\"choice-3 depth-1\"><input type=\"radio\" id=\"evf-930-field_zIIt79v7EC-6_3\" class=\"input-text\" name=\"everest_forms[form_fields][zIIt79v7EC-6]\" value=\"Trucada de tel\u00e8fon\" required ><label class=\"everest-forms-field-label-inline\" for=\"evf-930-field_zIIt79v7EC-6_3\">Trucada de tel\u00e8fon<\/label><\/li><\/ul><\/div><\/div><\/div><div class=\"evf-frontend-row\" data-row=\"row_2\" conditional_rules=\"[]\"><div class=\"evf-frontend-grid evf-grid-1\" data-grid=\"grid_1\"><\/div><\/div><\/div><div class=\"evf-honeypot-container evf-field-hp\"><label for=\"evf-930-field-hp\" class=\"evf-field-label\">Name<\/label><input type=\"text\" name=\"everest_forms[hp]\" id=\"evf-930-field-hp\" class=\"input-text\"><\/div><div class=\"evf-submit-container \" ><input type=\"hidden\" name=\"everest_forms[id]\" value=\"930\"><input type=\"hidden\" name=\"everest_forms[author]\" value=\"1\"><button type='submit' name='everest_forms[submit]' class='everest-forms-submit-button button evf-submit ' id='evf-submit-930' value='evf-submit' data-process-text=\"Processant...\" conditional_rules='&quot;&quot;' conditional_id='evf-submit-930'  id=\"evf-submit-930\" aria-live=\"assertive\">Enviar<\/button><\/div><\/form><\/div><!-- .evf-container --><\/div>\n","protected":false},"excerpt":{"rendered":"<p>Puedes contactarnos envi\u00e1ndonos este formulario.<\/p>","protected":false},"author":1,"featured_media":0,"parent":0,"menu_order":0,"comment_status":"open","ping_status":"closed","template":"","meta":{"footnotes":""},"class_list":["post-615","page","type-page","status-publish","hentry"],"yoast_head":"<!-- This site is optimized with the Yoast SEO plugin v27.5 - https:\/\/yoast.com\/product\/yoast-seo-wordpress\/ -->\n<title>Contacte<\/title>\n<meta name=\"description\" content=\"Datos de contacto. info@matiks.es. 635626971. Formulario para solicitar informaci\u00f3n.\" \/>\n<meta name=\"robots\" content=\"index, follow, max-snippet:-1, max-image-preview:large, max-video-preview:-1\" \/>\n<link rel=\"canonical\" href=\"https:\/\/matiks.es\/es\/contact-us\/\" \/>\n<meta property=\"og:locale\" content=\"es_ES\" \/>\n<meta property=\"og:type\" content=\"article\" \/>\n<meta property=\"og:title\" content=\"Contacte\" \/>\n<meta property=\"og:description\" content=\"Datos de contacto. info@matiks.es. 635626971. Formulario para solicitar informaci\u00f3n.\" \/>\n<meta property=\"og:url\" content=\"https:\/\/matiks.es\/es\/contact-us\/\" \/>\n<meta property=\"og:site_name\" content=\"Matiks\" \/>\n<meta property=\"article:publisher\" content=\"https:\/\/www.facebook.com\/academiamatiks\/\" \/>\n<meta property=\"article:modified_time\" content=\"2024-01-10T06:43:23+00:00\" \/>\n<meta name=\"twitter:card\" content=\"summary_large_image\" \/>\n<meta name=\"twitter:site\" content=\"@AcademiaMatiks\" \/>\n<meta name=\"twitter:label1\" content=\"Tiempo de lectura\" \/>\n\t<meta name=\"twitter:data1\" content=\"1 minuto\" \/>\n<script type=\"application\/ld+json\" class=\"yoast-schema-graph\">{\"@context\":\"https:\\\/\\\/schema.org\",\"@graph\":[{\"@type\":\"WebPage\",\"@id\":\"https:\\\/\\\/matiks.es\\\/contact-us\\\/\",\"url\":\"https:\\\/\\\/matiks.es\\\/contact-us\\\/\",\"name\":\"Contacte\",\"isPartOf\":{\"@id\":\"https:\\\/\\\/matiks.es\\\/#website\"},\"datePublished\":\"2014-03-18T11:31:06+00:00\",\"dateModified\":\"2024-01-10T06:43:23+00:00\",\"description\":\"Datos de contacto. info@matiks.es. 635626971. Formulario para solicitar informaci\u00f3n.\",\"breadcrumb\":{\"@id\":\"https:\\\/\\\/matiks.es\\\/contact-us\\\/#breadcrumb\"},\"inLanguage\":\"es\",\"potentialAction\":[{\"@type\":\"ReadAction\",\"target\":[\"https:\\\/\\\/matiks.es\\\/contact-us\\\/\"]}]},{\"@type\":\"BreadcrumbList\",\"@id\":\"https:\\\/\\\/matiks.es\\\/contact-us\\\/#breadcrumb\",\"itemListElement\":[{\"@type\":\"ListItem\",\"position\":1,\"name\":\"Portada\",\"item\":\"https:\\\/\\\/matiks.es\\\/\"},{\"@type\":\"ListItem\",\"position\":2,\"name\":\"Contacte\"}]},{\"@type\":\"WebSite\",\"@id\":\"https:\\\/\\\/matiks.es\\\/#website\",\"url\":\"https:\\\/\\\/matiks.es\\\/\",\"name\":\"Matiks\",\"description\":\"Acad\u00e8mia de ci\u00e8ncies\",\"publisher\":{\"@id\":\"https:\\\/\\\/matiks.es\\\/#organization\"},\"potentialAction\":[{\"@type\":\"SearchAction\",\"target\":{\"@type\":\"EntryPoint\",\"urlTemplate\":\"https:\\\/\\\/matiks.es\\\/?s={search_term_string}\"},\"query-input\":{\"@type\":\"PropertyValueSpecification\",\"valueRequired\":true,\"valueName\":\"search_term_string\"}}],\"inLanguage\":\"es\"},{\"@type\":\"Organization\",\"@id\":\"https:\\\/\\\/matiks.es\\\/#organization\",\"name\":\"Matiks\",\"url\":\"https:\\\/\\\/matiks.es\\\/\",\"logo\":{\"@type\":\"ImageObject\",\"inLanguage\":\"es\",\"@id\":\"https:\\\/\\\/matiks.es\\\/#\\\/schema\\\/logo\\\/image\\\/\",\"url\":\"https:\\\/\\\/matiks.es\\\/wp-content\\\/uploads\\\/2023\\\/07\\\/cropped-cropped-matiks.png\",\"contentUrl\":\"https:\\\/\\\/matiks.es\\\/wp-content\\\/uploads\\\/2023\\\/07\\\/cropped-cropped-matiks.png\",\"width\":512,\"height\":157,\"caption\":\"Matiks\"},\"image\":{\"@id\":\"https:\\\/\\\/matiks.es\\\/#\\\/schema\\\/logo\\\/image\\\/\"},\"sameAs\":[\"https:\\\/\\\/www.facebook.com\\\/academiamatiks\\\/\",\"https:\\\/\\\/x.com\\\/AcademiaMatiks\",\"https:\\\/\\\/www.instagram.com\\\/academiamatiks\\\/\"]}]}<\/script>\n<!-- \/ Yoast SEO plugin. -->","yoast_head_json":{"title":"Contacto","description":"Datos de contacto. info@matiks.es. 635626971. Formulario para solicitar informaci\u00f3n.","robots":{"index":"index","follow":"follow","max-snippet":"max-snippet:-1","max-image-preview":"max-image-preview:large","max-video-preview":"max-video-preview:-1"},"canonical":"https:\/\/matiks.es\/es\/contact-us\/","og_locale":"es_ES","og_type":"article","og_title":"Contacte","og_description":"Datos de contacto. info@matiks.es. 635626971. Formulario para solicitar informaci\u00f3n.","og_url":"https:\/\/matiks.es\/es\/contact-us\/","og_site_name":"Matiks","article_publisher":"https:\/\/www.facebook.com\/academiamatiks\/","article_modified_time":"2024-01-10T06:43:23+00:00","twitter_card":"summary_large_image","twitter_site":"@AcademiaMatiks","twitter_misc":{"Tiempo de lectura":"1 minuto"},"schema":{"@context":"https:\/\/schema.org","@graph":[{"@type":"WebPage","@id":"https:\/\/matiks.es\/contact-us\/","url":"https:\/\/matiks.es\/contact-us\/","name":"Contacto","isPartOf":{"@id":"https:\/\/matiks.es\/#website"},"datePublished":"2014-03-18T11:31:06+00:00","dateModified":"2024-01-10T06:43:23+00:00","description":"Datos de contacto. info@matiks.es. 635626971. Formulario para solicitar informaci\u00f3n.","breadcrumb":{"@id":"https:\/\/matiks.es\/contact-us\/#breadcrumb"},"inLanguage":"es","potentialAction":[{"@type":"ReadAction","target":["https:\/\/matiks.es\/contact-us\/"]}]},{"@type":"BreadcrumbList","@id":"https:\/\/matiks.es\/contact-us\/#breadcrumb","itemListElement":[{"@type":"ListItem","position":1,"name":"Portada","item":"https:\/\/matiks.es\/"},{"@type":"ListItem","position":2,"name":"Contacte"}]},{"@type":"WebSite","@id":"https:\/\/matiks.es\/#website","url":"https:\/\/matiks.es\/","name":"Matiks","description":"Acad\u00e8mia de ci\u00e8ncies","publisher":{"@id":"https:\/\/matiks.es\/#organization"},"potentialAction":[{"@type":"SearchAction","target":{"@type":"EntryPoint","urlTemplate":"https:\/\/matiks.es\/?s={search_term_string}"},"query-input":{"@type":"PropertyValueSpecification","valueRequired":true,"valueName":"search_term_string"}}],"inLanguage":"es"},{"@type":"Organization","@id":"https:\/\/matiks.es\/#organization","name":"Matiks","url":"https:\/\/matiks.es\/","logo":{"@type":"ImageObject","inLanguage":"es","@id":"https:\/\/matiks.es\/#\/schema\/logo\/image\/","url":"https:\/\/matiks.es\/wp-content\/uploads\/2023\/07\/cropped-cropped-matiks.png","contentUrl":"https:\/\/matiks.es\/wp-content\/uploads\/2023\/07\/cropped-cropped-matiks.png","width":512,"height":157,"caption":"Matiks"},"image":{"@id":"https:\/\/matiks.es\/#\/schema\/logo\/image\/"},"sameAs":["https:\/\/www.facebook.com\/academiamatiks\/","https:\/\/x.com\/AcademiaMatiks","https:\/\/www.instagram.com\/academiamatiks\/"]}]}},"_links":{"self":[{"href":"https:\/\/matiks.es\/es\/wp-json\/wp\/v2\/pages\/615","targetHints":{"allow":["GET"]}}],"collection":[{"href":"https:\/\/matiks.es\/es\/wp-json\/wp\/v2\/pages"}],"about":[{"href":"https:\/\/matiks.es\/es\/wp-json\/wp\/v2\/types\/page"}],"author":[{"embeddable":true,"href":"https:\/\/matiks.es\/es\/wp-json\/wp\/v2\/users\/1"}],"replies":[{"embeddable":true,"href":"https:\/\/matiks.es\/es\/wp-json\/wp\/v2\/comments?post=615"}],"version-history":[{"count":3,"href":"https:\/\/matiks.es\/es\/wp-json\/wp\/v2\/pages\/615\/revisions"}],"predecessor-version":[{"id":1064,"href":"https:\/\/matiks.es\/es\/wp-json\/wp\/v2\/pages\/615\/revisions\/1064"}],"wp:attachment":[{"href":"https:\/\/matiks.es\/es\/wp-json\/wp\/v2\/media?parent=615"}],"curies":[{"name":"wp","href":"https:\/\/api.w.org\/{rel}","templated":true}]}}