{"id":903,"date":"2023-07-30T13:10:43","date_gmt":"2023-07-30T13:10:43","guid":{"rendered":"http:\/\/matiks.es\/?page_id=903"},"modified":"2024-01-10T14:29:43","modified_gmt":"2024-01-10T14:29:43","slug":"classes","status":"publish","type":"page","link":"https:\/\/matiks.es\/es\/classes\/","title":{"rendered":"Classes de refor\u00e7"},"content":{"rendered":"<p>Oferim classes de refor\u00e7 de totes les assignatures i de tots els nivells (Prim\u00e0ria, ESO, Batxillerat i algunes mat\u00e8ries per universitaris). Assignem a cada alumne el professor que creiem que s\u2019adapta millor a les seves necessitats i al seu car\u00e0cter.<\/p>\n\n\n\n<p>Adaptem les classes a les necessitats espec\u00edfiques de cada alumne i, en cas que sigui necessari, contactem amb el centre educatiu i treballem conjuntament.&nbsp;<\/p>\n\n\n\n<div style=\"height:100px\" aria-hidden=\"true\" class=\"wp-block-spacer\"><\/div>\n\n\n\n<div class=\"wp-block-media-text alignwide is-stacked-on-mobile\" style=\"grid-template-columns:36% auto\"><figure class=\"wp-block-media-text__media\"><img loading=\"lazy\" decoding=\"async\" width=\"1024\" height=\"683\" src=\"http:\/\/matiks.es\/wp-content\/uploads\/2023\/07\/colegiala-sentado-tabla-dibujo-1024x683.jpg\" alt=\"\" class=\"wp-image-829 size-full\" srcset=\"https:\/\/matiks.es\/wp-content\/uploads\/2023\/07\/colegiala-sentado-tabla-dibujo-1024x683.jpg 1024w, https:\/\/matiks.es\/wp-content\/uploads\/2023\/07\/colegiala-sentado-tabla-dibujo-300x200.jpg 300w, https:\/\/matiks.es\/wp-content\/uploads\/2023\/07\/colegiala-sentado-tabla-dibujo-768x512.jpg 768w, https:\/\/matiks.es\/wp-content\/uploads\/2023\/07\/colegiala-sentado-tabla-dibujo-1536x1024.jpg 1536w, https:\/\/matiks.es\/wp-content\/uploads\/2023\/07\/colegiala-sentado-tabla-dibujo-2048x1365.jpg 2048w, https:\/\/matiks.es\/wp-content\/uploads\/2023\/07\/colegiala-sentado-tabla-dibujo-1620x1080.jpg 1620w, https:\/\/matiks.es\/wp-content\/uploads\/2023\/07\/colegiala-sentado-tabla-dibujo-600x400.jpg 600w\" sizes=\"auto, (max-width: 1024px) 100vw, 1024px\" \/><\/figure><div class=\"wp-block-media-text__content\">\n<h2 class=\"wp-block-heading\">Prim\u00e0ria<\/h2>\n\n\n\n<p>Oferim classes de refor\u00e7 (individuals o en petits grups) per alumnes de Prim\u00e0ria.<\/p>\n\n\n\n<p>En aquest nivell \u00e9s habitual que els alumnes necessitin una ajuda m\u00e9s transversal, no centrada en una \u00fanica mat\u00e8ria. Les classes es centraran a realitzar els deures que tinguin els alumnes i en refor\u00e7ar aquells punts en qu\u00e8 s\u2019hagi detectat que tenen m\u00e9s dificultats (matem\u00e0tiques, comprensi\u00f3 lectora, etc.).<\/p>\n\n\n\n<p>Recomanem una hora de classe setmanal si necessita ajuda en una \u00fanica assignatura i dues hores setmanals si necessita un refor\u00e7 m\u00e9s general.<\/p>\n\n\n\n<p>En cas que 2 o m\u00e9s alumnes d\u2019un mateix curs i un mateix centre vulguin rebre classes particulars, tindran l\u2019opci\u00f3 de fer-les en grup. \u00c9s important que els grups estiguin formats per estudiants d\u2019un mateix centre per assegurar que tenen el mateix nivell i porten el mateix ritme d\u2019estudis.<\/p>\n<\/div><\/div>\n\n\n\n<div style=\"height:100px\" aria-hidden=\"true\" class=\"wp-block-spacer\"><\/div>\n\n\n\n<div class=\"wp-block-media-text alignwide has-media-on-the-right is-stacked-on-mobile\" style=\"grid-template-columns:auto 33%\"><div class=\"wp-block-media-text__content\">\n<h2 class=\"wp-block-heading\">ESO y Bachillerato<\/h2>\n\n\n\n<p>Oferim classes de refor\u00e7 (individuals o en petits grups) per alumnes d\u2019ESO i Batxillerat.<\/p>\n\n\n\n<p>En el primer cicle d\u2019ESO (1er i 2on) \u00e9s habitual que els alumnes necessitin una ajuda m\u00e9s transversal, centrada m\u00e9s en organitzaci\u00f3 i t\u00e8cniques d\u2019estudi. Les classes es centraran en realitzar els deures que tinguin els alumnes i en refor\u00e7ar aquells punts en qu\u00e8 s\u2019hagi detectat que tenen m\u00e9s dificultats. Mentre es fa l\u2019explicaci\u00f3 s\u2019aprofita per explicar diferents metodologies d\u2019estudi i donar consells sobre com estudiar les diferents mat\u00e8ries.<\/p>\n\n\n\n<p>A partir de 3er d\u2019ESO i Batxillerat, els continguts de les mat\u00e8ries comencen a complicar-se i de vegades apareixen dificultats en alumnes que fins aquell moment no havien tingut cap problema. Per aquesta etapa comptem amb professors especialitzats en les diferents branques.<\/p>\n\n\n\n<p>Recomanem una hora de classe setmanal per l\u2019ESO i dues hores per Batxillerat.<\/p>\n\n\n\n<p>En cas que 2 o m\u00e9s alumnes d\u2019un mateix curs i un mateix centre vulguin rebre classes particulars, tindran l\u2019opci\u00f3 de fer-les en grup. \u00c9s important que els grups estiguin formats per estudiants d\u2019un mateix centre per assegurar que tenen el mateix nivell i porten el mateix ritme d\u2019estudis.<\/p>\n<\/div><figure class=\"wp-block-media-text__media\"><img loading=\"lazy\" decoding=\"async\" width=\"1024\" height=\"768\" src=\"http:\/\/matiks.es\/wp-content\/uploads\/2023\/07\/IMG_6336-1024x768.jpeg\" alt=\"\" class=\"wp-image-758 size-full\" srcset=\"https:\/\/matiks.es\/wp-content\/uploads\/2023\/07\/IMG_6336-1024x768.jpeg 1024w, https:\/\/matiks.es\/wp-content\/uploads\/2023\/07\/IMG_6336-300x225.jpeg 300w, https:\/\/matiks.es\/wp-content\/uploads\/2023\/07\/IMG_6336-768x576.jpeg 768w, https:\/\/matiks.es\/wp-content\/uploads\/2023\/07\/IMG_6336-1536x1152.jpeg 1536w, https:\/\/matiks.es\/wp-content\/uploads\/2023\/07\/IMG_6336-2048x1536.jpeg 2048w, https:\/\/matiks.es\/wp-content\/uploads\/2023\/07\/IMG_6336-600x450.jpeg 600w\" sizes=\"auto, (max-width: 1024px) 100vw, 1024px\" \/><\/figure><\/div>\n\n\n\n<div style=\"height:100px\" aria-hidden=\"true\" class=\"wp-block-spacer\"><\/div>\n\n\n\n<div class=\"wp-block-media-text alignwide is-stacked-on-mobile\" style=\"grid-template-columns:31% auto\"><figure class=\"wp-block-media-text__media\"><img loading=\"lazy\" decoding=\"async\" width=\"1024\" height=\"683\" src=\"http:\/\/matiks.es\/wp-content\/uploads\/2023\/07\/mano-escribiendo-papel-boligrafo-1024x683.jpg\" alt=\"\" class=\"wp-image-836 size-full\" srcset=\"https:\/\/matiks.es\/wp-content\/uploads\/2023\/07\/mano-escribiendo-papel-boligrafo-1024x683.jpg 1024w, https:\/\/matiks.es\/wp-content\/uploads\/2023\/07\/mano-escribiendo-papel-boligrafo-300x200.jpg 300w, https:\/\/matiks.es\/wp-content\/uploads\/2023\/07\/mano-escribiendo-papel-boligrafo-768x512.jpg 768w, https:\/\/matiks.es\/wp-content\/uploads\/2023\/07\/mano-escribiendo-papel-boligrafo-1536x1024.jpg 1536w, https:\/\/matiks.es\/wp-content\/uploads\/2023\/07\/mano-escribiendo-papel-boligrafo-2048x1365.jpg 2048w, https:\/\/matiks.es\/wp-content\/uploads\/2023\/07\/mano-escribiendo-papel-boligrafo-1620x1080.jpg 1620w, https:\/\/matiks.es\/wp-content\/uploads\/2023\/07\/mano-escribiendo-papel-boligrafo-600x400.jpg 600w\" sizes=\"auto, (max-width: 1024px) 100vw, 1024px\" \/><\/figure><div class=\"wp-block-media-text__content\">\n<h2 class=\"wp-block-heading\">Otros&nbsp;<\/h2>\n\n\n\n<p>Oferim classes a mida per alumnes universitaris, preparaci\u00f3 de proves d\u2019acc\u00e9s, intensius, etc.&nbsp;&nbsp;Contacteu amb nosaltres per fer un estudi del vostre cas concret.<\/p>\n<\/div><\/div>","protected":false},"excerpt":{"rendered":"<p>Oferim classes de refor\u00e7 de totes les assignatures i de tots els nivells (Prim\u00e0ria, ESO, Batxillerat i algunes mat\u00e8ries per universitaris). Assignem a cada alumne el professor que creiem que s\u2019adapta millor a les seves necessitats i al seu car\u00e0cter. Adaptem les classes a les necessitats espec\u00edfiques de cada alumne i, en cas que sigui&hellip; <br \/> <a class=\"read-more\" href=\"https:\/\/matiks.es\/es\/classes\/\">Leer m\u00e1s<\/a><\/p>","protected":false},"author":1,"featured_media":836,"parent":0,"menu_order":0,"comment_status":"closed","ping_status":"closed","template":"","meta":{"footnotes":""},"class_list":["post-903","page","type-page","status-publish","has-post-thumbnail","hentry"],"yoast_head":"<!-- This site is optimized with the Yoast SEO plugin v27.4 - https:\/\/yoast.com\/product\/yoast-seo-wordpress\/ -->\n<title>Classes de refor\u00e7 - Matiks<\/title>\n<meta name=\"description\" content=\"Clases de refuerzo escolar en el barrio de Gracia. Impartimos clases individuales y en peque\u00f1os grupos.\" \/>\n<meta name=\"robots\" content=\"index, follow, max-snippet:-1, max-image-preview:large, max-video-preview:-1\" \/>\n<link rel=\"canonical\" href=\"https:\/\/matiks.es\/es\/classes\/\" \/>\n<meta property=\"og:locale\" content=\"es_ES\" \/>\n<meta property=\"og:type\" content=\"article\" \/>\n<meta property=\"og:title\" content=\"Classes de refor\u00e7 - Matiks\" \/>\n<meta property=\"og:description\" content=\"Clases de refuerzo escolar en el barrio de Gracia. Impartimos clases individuales y en peque\u00f1os grupos.\" \/>\n<meta property=\"og:url\" content=\"https:\/\/matiks.es\/es\/classes\/\" \/>\n<meta property=\"og:site_name\" content=\"Matiks\" \/>\n<meta property=\"article:publisher\" content=\"https:\/\/www.facebook.com\/academiamatiks\/\" \/>\n<meta property=\"article:modified_time\" content=\"2024-01-10T14:29:43+00:00\" \/>\n<meta property=\"og:image\" content=\"https:\/\/matiks.es\/wp-content\/uploads\/2023\/07\/mano-escribiendo-papel-boligrafo-scaled.jpg\" \/>\n\t<meta property=\"og:image:width\" content=\"2560\" \/>\n\t<meta property=\"og:image:height\" content=\"1707\" \/>\n\t<meta property=\"og:image:type\" content=\"image\/jpeg\" \/>\n<meta name=\"twitter:card\" content=\"summary_large_image\" \/>\n<meta name=\"twitter:site\" content=\"@AcademiaMatiks\" \/>\n<meta name=\"twitter:label1\" content=\"Tiempo de lectura\" \/>\n\t<meta name=\"twitter:data1\" content=\"3 minutos\" \/>\n<script type=\"application\/ld+json\" class=\"yoast-schema-graph\">{\"@context\":\"https:\\\/\\\/schema.org\",\"@graph\":[{\"@type\":\"WebPage\",\"@id\":\"https:\\\/\\\/matiks.es\\\/classes\\\/\",\"url\":\"https:\\\/\\\/matiks.es\\\/classes\\\/\",\"name\":\"Classes de refor\u00e7 - Matiks\",\"isPartOf\":{\"@id\":\"https:\\\/\\\/matiks.es\\\/#website\"},\"primaryImageOfPage\":{\"@id\":\"https:\\\/\\\/matiks.es\\\/classes\\\/#primaryimage\"},\"image\":{\"@id\":\"https:\\\/\\\/matiks.es\\\/classes\\\/#primaryimage\"},\"thumbnailUrl\":\"https:\\\/\\\/matiks.es\\\/wp-content\\\/uploads\\\/2023\\\/07\\\/mano-escribiendo-papel-boligrafo-scaled.jpg\",\"datePublished\":\"2023-07-30T13:10:43+00:00\",\"dateModified\":\"2024-01-10T14:29:43+00:00\",\"description\":\"Clases de refuerzo escolar en el barrio de Gracia. Impartimos clases individuales y en peque\u00f1os grupos.\",\"breadcrumb\":{\"@id\":\"https:\\\/\\\/matiks.es\\\/classes\\\/#breadcrumb\"},\"inLanguage\":\"es\",\"potentialAction\":[{\"@type\":\"ReadAction\",\"target\":[\"https:\\\/\\\/matiks.es\\\/classes\\\/\"]}]},{\"@type\":\"ImageObject\",\"inLanguage\":\"es\",\"@id\":\"https:\\\/\\\/matiks.es\\\/classes\\\/#primaryimage\",\"url\":\"https:\\\/\\\/matiks.es\\\/wp-content\\\/uploads\\\/2023\\\/07\\\/mano-escribiendo-papel-boligrafo-scaled.jpg\",\"contentUrl\":\"https:\\\/\\\/matiks.es\\\/wp-content\\\/uploads\\\/2023\\\/07\\\/mano-escribiendo-papel-boligrafo-scaled.jpg\",\"width\":2560,\"height\":1707,\"caption\":\"Hand with pen over application form\"},{\"@type\":\"BreadcrumbList\",\"@id\":\"https:\\\/\\\/matiks.es\\\/classes\\\/#breadcrumb\",\"itemListElement\":[{\"@type\":\"ListItem\",\"position\":1,\"name\":\"Portada\",\"item\":\"https:\\\/\\\/matiks.es\\\/\"},{\"@type\":\"ListItem\",\"position\":2,\"name\":\"Classes de refor\u00e7\"}]},{\"@type\":\"WebSite\",\"@id\":\"https:\\\/\\\/matiks.es\\\/#website\",\"url\":\"https:\\\/\\\/matiks.es\\\/\",\"name\":\"Matiks\",\"description\":\"Acad\u00e8mia de ci\u00e8ncies\",\"publisher\":{\"@id\":\"https:\\\/\\\/matiks.es\\\/#organization\"},\"potentialAction\":[{\"@type\":\"SearchAction\",\"target\":{\"@type\":\"EntryPoint\",\"urlTemplate\":\"https:\\\/\\\/matiks.es\\\/?s={search_term_string}\"},\"query-input\":{\"@type\":\"PropertyValueSpecification\",\"valueRequired\":true,\"valueName\":\"search_term_string\"}}],\"inLanguage\":\"es\"},{\"@type\":\"Organization\",\"@id\":\"https:\\\/\\\/matiks.es\\\/#organization\",\"name\":\"Matiks\",\"url\":\"https:\\\/\\\/matiks.es\\\/\",\"logo\":{\"@type\":\"ImageObject\",\"inLanguage\":\"es\",\"@id\":\"https:\\\/\\\/matiks.es\\\/#\\\/schema\\\/logo\\\/image\\\/\",\"url\":\"https:\\\/\\\/matiks.es\\\/wp-content\\\/uploads\\\/2023\\\/07\\\/cropped-cropped-matiks.png\",\"contentUrl\":\"https:\\\/\\\/matiks.es\\\/wp-content\\\/uploads\\\/2023\\\/07\\\/cropped-cropped-matiks.png\",\"width\":512,\"height\":157,\"caption\":\"Matiks\"},\"image\":{\"@id\":\"https:\\\/\\\/matiks.es\\\/#\\\/schema\\\/logo\\\/image\\\/\"},\"sameAs\":[\"https:\\\/\\\/www.facebook.com\\\/academiamatiks\\\/\",\"https:\\\/\\\/x.com\\\/AcademiaMatiks\",\"https:\\\/\\\/www.instagram.com\\\/academiamatiks\\\/\"]}]}<\/script>\n<!-- \/ Yoast SEO plugin. -->","yoast_head_json":{"title":"Classes de refor\u00e7 - Matiks","description":"Clases de refuerzo escolar en el barrio de Gracia. Impartimos clases individuales y en peque\u00f1os grupos.","robots":{"index":"index","follow":"follow","max-snippet":"max-snippet:-1","max-image-preview":"max-image-preview:large","max-video-preview":"max-video-preview:-1"},"canonical":"https:\/\/matiks.es\/es\/classes\/","og_locale":"es_ES","og_type":"article","og_title":"Classes de refor\u00e7 - Matiks","og_description":"Clases de refuerzo escolar en el barrio de Gracia. Impartimos clases individuales y en peque\u00f1os grupos.","og_url":"https:\/\/matiks.es\/es\/classes\/","og_site_name":"Matiks","article_publisher":"https:\/\/www.facebook.com\/academiamatiks\/","article_modified_time":"2024-01-10T14:29:43+00:00","og_image":[{"width":2560,"height":1707,"url":"https:\/\/matiks.es\/wp-content\/uploads\/2023\/07\/mano-escribiendo-papel-boligrafo-scaled.jpg","type":"image\/jpeg"}],"twitter_card":"summary_large_image","twitter_site":"@AcademiaMatiks","twitter_misc":{"Tiempo de lectura":"3 minutos"},"schema":{"@context":"https:\/\/schema.org","@graph":[{"@type":"WebPage","@id":"https:\/\/matiks.es\/classes\/","url":"https:\/\/matiks.es\/classes\/","name":"Classes de refor\u00e7 - Matiks","isPartOf":{"@id":"https:\/\/matiks.es\/#website"},"primaryImageOfPage":{"@id":"https:\/\/matiks.es\/classes\/#primaryimage"},"image":{"@id":"https:\/\/matiks.es\/classes\/#primaryimage"},"thumbnailUrl":"https:\/\/matiks.es\/wp-content\/uploads\/2023\/07\/mano-escribiendo-papel-boligrafo-scaled.jpg","datePublished":"2023-07-30T13:10:43+00:00","dateModified":"2024-01-10T14:29:43+00:00","description":"Clases de refuerzo escolar en el barrio de Gracia. Impartimos clases individuales y en peque\u00f1os grupos.","breadcrumb":{"@id":"https:\/\/matiks.es\/classes\/#breadcrumb"},"inLanguage":"es","potentialAction":[{"@type":"ReadAction","target":["https:\/\/matiks.es\/classes\/"]}]},{"@type":"ImageObject","inLanguage":"es","@id":"https:\/\/matiks.es\/classes\/#primaryimage","url":"https:\/\/matiks.es\/wp-content\/uploads\/2023\/07\/mano-escribiendo-papel-boligrafo-scaled.jpg","contentUrl":"https:\/\/matiks.es\/wp-content\/uploads\/2023\/07\/mano-escribiendo-papel-boligrafo-scaled.jpg","width":2560,"height":1707,"caption":"Hand with pen over application form"},{"@type":"BreadcrumbList","@id":"https:\/\/matiks.es\/classes\/#breadcrumb","itemListElement":[{"@type":"ListItem","position":1,"name":"Portada","item":"https:\/\/matiks.es\/"},{"@type":"ListItem","position":2,"name":"Classes de refor\u00e7"}]},{"@type":"WebSite","@id":"https:\/\/matiks.es\/#website","url":"https:\/\/matiks.es\/","name":"Matiks","description":"Acad\u00e8mia de ci\u00e8ncies","publisher":{"@id":"https:\/\/matiks.es\/#organization"},"potentialAction":[{"@type":"SearchAction","target":{"@type":"EntryPoint","urlTemplate":"https:\/\/matiks.es\/?s={search_term_string}"},"query-input":{"@type":"PropertyValueSpecification","valueRequired":true,"valueName":"search_term_string"}}],"inLanguage":"es"},{"@type":"Organization","@id":"https:\/\/matiks.es\/#organization","name":"Matiks","url":"https:\/\/matiks.es\/","logo":{"@type":"ImageObject","inLanguage":"es","@id":"https:\/\/matiks.es\/#\/schema\/logo\/image\/","url":"https:\/\/matiks.es\/wp-content\/uploads\/2023\/07\/cropped-cropped-matiks.png","contentUrl":"https:\/\/matiks.es\/wp-content\/uploads\/2023\/07\/cropped-cropped-matiks.png","width":512,"height":157,"caption":"Matiks"},"image":{"@id":"https:\/\/matiks.es\/#\/schema\/logo\/image\/"},"sameAs":["https:\/\/www.facebook.com\/academiamatiks\/","https:\/\/x.com\/AcademiaMatiks","https:\/\/www.instagram.com\/academiamatiks\/"]}]}},"_links":{"self":[{"href":"https:\/\/matiks.es\/es\/wp-json\/wp\/v2\/pages\/903","targetHints":{"allow":["GET"]}}],"collection":[{"href":"https:\/\/matiks.es\/es\/wp-json\/wp\/v2\/pages"}],"about":[{"href":"https:\/\/matiks.es\/es\/wp-json\/wp\/v2\/types\/page"}],"author":[{"embeddable":true,"href":"https:\/\/matiks.es\/es\/wp-json\/wp\/v2\/users\/1"}],"replies":[{"embeddable":true,"href":"https:\/\/matiks.es\/es\/wp-json\/wp\/v2\/comments?post=903"}],"version-history":[{"count":6,"href":"https:\/\/matiks.es\/es\/wp-json\/wp\/v2\/pages\/903\/revisions"}],"predecessor-version":[{"id":1067,"href":"https:\/\/matiks.es\/es\/wp-json\/wp\/v2\/pages\/903\/revisions\/1067"}],"wp:featuredmedia":[{"embeddable":true,"href":"https:\/\/matiks.es\/es\/wp-json\/wp\/v2\/media\/836"}],"wp:attachment":[{"href":"https:\/\/matiks.es\/es\/wp-json\/wp\/v2\/media?parent=903"}],"curies":[{"name":"wp","href":"https:\/\/api.w.org\/{rel}","templated":true}]}}